{"id":2310,"date":"2023-06-18T01:44:28","date_gmt":"2023-06-18T01:44:28","guid":{"rendered":"https:\/\/www.globalcheapsale.com\/?page_id=2310"},"modified":"2023-06-18T01:44:28","modified_gmt":"2023-06-18T01:44:28","slug":"livraison","status":"publish","type":"page","link":"https:\/\/www.fixcellshop.com\/en\/livraison\/","title":{"rendered":"Delivery"},"content":{"rendered":"<div class=\"section the_content has_content\">\n<div class=\"section_wrapper\">\n<div class=\"the_content_wrapper\">\n<div><\/div>\n<div class=\"entry-content\">For an order shipped to Canada the time varies between 3 to 5 business days after shipping. For an order outside Canada, allow 2 to 4 weeks.<\/div>\n<\/div>\n<\/div>\n<\/div>\n<div><\/div>\n<div><\/div>\n<div><\/div>\n<div><\/div>\n<div><\/div>\n<div><\/div>\n<div><\/div>\n<div><\/div>","protected":false},"excerpt":{"rendered":"<p>Pour une commande exp\u00e9di\u00e9 au Canada le temps varie entre 3 \u00e0 5 jours ouvrables apr\u00e8s l\u2019exp\u00e9dition. Pour une commande hors Canada, comptez de 2 \u00e0<span class=\"excerpt-hellip\"> [\u2026]<\/span><\/p>","protected":false},"author":1,"featured_media":0,"parent":0,"menu_order":0,"comment_status":"closed","ping_status":"open","template":"","meta":{"footnotes":""},"class_list":["post-2310","page","type-page","status-publish","hentry"],"_links":{"self":[{"href":"https:\/\/www.fixcellshop.com\/en\/wp-json\/wp\/v2\/pages\/2310","targetHints":{"allow":["GET"]}}],"collection":[{"href":"https:\/\/www.fixcellshop.com\/en\/wp-json\/wp\/v2\/pages"}],"about":[{"href":"https:\/\/www.fixcellshop.com\/en\/wp-json\/wp\/v2\/types\/page"}],"author":[{"embeddable":true,"href":"https:\/\/www.fixcellshop.com\/en\/wp-json\/wp\/v2\/users\/1"}],"replies":[{"embeddable":true,"href":"https:\/\/www.fixcellshop.com\/en\/wp-json\/wp\/v2\/comments?post=2310"}],"version-history":[{"count":1,"href":"https:\/\/www.fixcellshop.com\/en\/wp-json\/wp\/v2\/pages\/2310\/revisions"}],"predecessor-version":[{"id":2311,"href":"https:\/\/www.fixcellshop.com\/en\/wp-json\/wp\/v2\/pages\/2310\/revisions\/2311"}],"wp:attachment":[{"href":"https:\/\/www.fixcellshop.com\/en\/wp-json\/wp\/v2\/media?parent=2310"}],"curies":[{"name":"wp","href":"https:\/\/api.w.org\/{rel}","templated":true}]}}