{"id":1544,"date":"2021-05-19T04:28:36","date_gmt":"2021-05-19T04:28:36","guid":{"rendered":"https:\/\/klbtheme.com\/bacola\/?page_id=1544"},"modified":"2025-04-11T23:53:11","modified_gmt":"2025-04-11T23:53:11","slug":"a-propos","status":"publish","type":"page","link":"https:\/\/www.fixcellshop.com\/en\/a-propos\/","title":{"rendered":"About us"},"content":{"rendered":"<div data-elementor-type=\"wp-page\" data-elementor-id=\"1544\" class=\"elementor elementor-1544\">\n\t\t\t\t\t\t<section class=\"elementor-section elementor-top-section elementor-element elementor-element-f600bf8 elementor-section-boxed elementor-section-height-default elementor-section-height-default\" data-id=\"f600bf8\" data-element_type=\"section\">\n\t\t\t\t\t\t<div class=\"elementor-container elementor-column-gap-no\">\n\t\t\t\t\t<div class=\"elementor-column elementor-col-100 elementor-top-column elementor-element elementor-element-e769e7d\" data-id=\"e769e7d\" data-element_type=\"column\">\n\t\t\t<div class=\"elementor-widget-wrap elementor-element-populated\">\n\t\t\t\t\t\t<section class=\"elementor-section elementor-inner-section elementor-element elementor-element-faa9e1d elementor-section-content-middle elementor-section-boxed elementor-section-height-default elementor-section-height-default\" data-id=\"faa9e1d\" data-element_type=\"section\">\n\t\t\t\t\t\t<div class=\"elementor-container elementor-column-gap-extended\">\n\t\t\t\t\t<div class=\"elementor-column elementor-col-50 elementor-inner-column elementor-element elementor-element-1fe836e\" data-id=\"1fe836e\" data-element_type=\"column\">\n\t\t\t<div class=\"elementor-widget-wrap elementor-element-populated\">\n\t\t\t\t\t\t<div class=\"elementor-element elementor-element-bf5a32e elementor-invisible elementor-widget elementor-widget-heading\" data-id=\"bf5a32e\" data-element_type=\"widget\" data-settings=\"{&quot;_animation&quot;:&quot;fadeInDown&quot;}\" data-widget_type=\"heading.default\">\n\t\t\t\t<div class=\"elementor-widget-container\">\n\t\t\t\t\t<h2 class=\"elementor-heading-title elementor-size-default\">\u00c0 PROPOS DE NOUS\n<br><\/br><\/h2>\t\t\t\t<\/div>\n\t\t\t\t<\/div>\n\t\t\t\t<div class=\"elementor-element elementor-element-3984e88 elementor-invisible elementor-widget elementor-widget-text-editor\" data-id=\"3984e88\" data-element_type=\"widget\" data-settings=\"{&quot;_animation&quot;:&quot;fadeInLeft&quot;}\" data-widget_type=\"text-editor.default\">\n\t\t\t\t<div class=\"elementor-widget-container\">\n\t\t\t\t\t\t\t\t\t<div class=\"page\" title=\"Page 1\"><div class=\"layoutArea\"><div class=\"column\"><h4><strong>Depuis plus de 10 ans, FixCell se sp\u00e9cialise dans la r\u00e9paration de t\u00e9l\u00e9phones mobiles, consoles de jeux, ordinateurs et tablettes, offrant des services de qualit\u00e9 sup\u00e9rieure \u00e0 nos clients. Notre mission est de fournir des solutions rapides, fiables et abordables pour tous vos appareils \u00e9lectroniques.<\/strong><\/h4><\/div><\/div><\/div><h5>\u00a0<\/h5><p>Fort de notre exp\u00e9rience et de notre expertise technique, nous avons su \u00e9tablir une r\u00e9putation solide dans le domaine de la r\u00e9paration de produits high-tech. Que ce soit pour une r\u00e9paration d&rsquo;\u00e9cran cass\u00e9, une batterie d\u00e9fectueuse ou un probl\u00e8me logiciel, notre \u00e9quipe de professionnels qualifi\u00e9s prend en charge chaque appareil avec soin et pr\u00e9cision.\u00a0 <\/p><p>Nous nous engageons \u00e0 offrir un service personnalis\u00e9, transparent et efficace, afin de garantir la satisfaction totale de nos clients. Chez FixCell, nous utilisons des pi\u00e8ces de rechange de haute qualit\u00e9 et nous veillons \u00e0 ce que chaque r\u00e9paration soit effectu\u00e9e dans les meilleurs d\u00e9lais.<\/p><p>Que vous soyez un particulier ou une entreprise, nous mettons notre savoir-faire et notre exp\u00e9rience \u00e0 votre service pour que vous puissiez continuer \u00e0 profiter pleinement de vos appareils.<\/p><p><strong>FixCell : Votre expert en r\u00e9paration d&rsquo;appareils \u00e9lectroniques depuis 10 ans.<\/strong><\/p>\t\t\t\t\t\t\t\t<\/div>\n\t\t\t\t<\/div>\n\t\t\t\t\t<\/div>\n\t\t<\/div>\n\t\t\t\t<div class=\"elementor-column elementor-col-50 elementor-inner-column elementor-element elementor-element-915cf91\" data-id=\"915cf91\" data-element_type=\"column\">\n\t\t\t<div class=\"elementor-widget-wrap elementor-element-populated\">\n\t\t\t\t\t\t<div class=\"elementor-element elementor-element-393e4f6 elementor-invisible elementor-widget elementor-widget-image\" data-id=\"393e4f6\" data-element_type=\"widget\" data-settings=\"{&quot;_animation&quot;:&quot;fadeInUp&quot;}\" data-widget_type=\"image.default\">\n\t\t\t\t<div class=\"elementor-widget-container\">\n\t\t\t\t\t\t\t\t\t\t\t\t\t\t\t<img fetchpriority=\"high\" decoding=\"async\" width=\"1024\" height=\"683\" src=\"https:\/\/www.fixcellshop.com\/wp-content\/uploads\/2024\/12\/reparation-1024x683.jpg\" class=\"attachment-large size-large wp-image-3926\" alt=\"\" srcset=\"https:\/\/www.fixcellshop.com\/wp-content\/uploads\/2024\/12\/reparation-1024x683.jpg 1024w, https:\/\/www.fixcellshop.com\/wp-content\/uploads\/2024\/12\/reparation-800x533.jpg 800w, https:\/\/www.fixcellshop.com\/wp-content\/uploads\/2024\/12\/reparation-64x43.jpg 64w, https:\/\/www.fixcellshop.com\/wp-content\/uploads\/2024\/12\/reparation-300x200.jpg 300w, https:\/\/www.fixcellshop.com\/wp-content\/uploads\/2024\/12\/reparation-768x512.jpg 768w, https:\/\/www.fixcellshop.com\/wp-content\/uploads\/2024\/12\/reparation-1536x1024.jpg 1536w, https:\/\/www.fixcellshop.com\/wp-content\/uploads\/2024\/12\/reparation-18x12.jpg 18w, https:\/\/www.fixcellshop.com\/wp-content\/uploads\/2024\/12\/reparation-135x90.jpg 135w, https:\/\/www.fixcellshop.com\/wp-content\/uploads\/2024\/12\/reparation.jpg 1920w\" sizes=\"(max-width: 1024px) 100vw, 1024px\" \/>\t\t\t\t\t\t\t\t\t\t\t\t\t\t\t<\/div>\n\t\t\t\t<\/div>\n\t\t\t\t\t<\/div>\n\t\t<\/div>\n\t\t\t\t\t<\/div>\n\t\t<\/section>\n\t\t\t\t\t<\/div>\n\t\t<\/div>\n\t\t\t\t\t<\/div>\n\t\t<\/section>\n\t\t\t\t<section class=\"elementor-section elementor-top-section elementor-element elementor-element-fb34b30 elementor-section-boxed elementor-section-height-default elementor-section-height-default\" data-id=\"fb34b30\" data-element_type=\"section\">\n\t\t\t\t\t\t<div class=\"elementor-container elementor-column-gap-default\">\n\t\t\t\t\t<div class=\"elementor-column elementor-col-25 elementor-top-column elementor-element elementor-element-c2a352c\" data-id=\"c2a352c\" data-element_type=\"column\">\n\t\t\t<div class=\"elementor-widget-wrap elementor-element-populated\">\n\t\t\t\t\t\t<div class=\"elementor-element elementor-element-3014575 elementor-invisible elementor-widget elementor-widget-image\" data-id=\"3014575\" data-element_type=\"widget\" data-settings=\"{&quot;_animation&quot;:&quot;fadeInRight&quot;}\" data-widget_type=\"image.default\">\n\t\t\t\t<div class=\"elementor-widget-container\">\n\t\t\t\t\t\t\t\t\t\t\t\t\t\t\t<img decoding=\"async\" width=\"500\" height=\"500\" src=\"https:\/\/www.fixcellshop.com\/wp-content\/uploads\/2024\/12\/logo-04-1.jpg\" class=\"attachment-large size-large wp-image-3922\" alt=\"\" srcset=\"https:\/\/www.fixcellshop.com\/wp-content\/uploads\/2024\/12\/logo-04-1.jpg 500w, https:\/\/www.fixcellshop.com\/wp-content\/uploads\/2024\/12\/logo-04-1-300x300.jpg 300w, https:\/\/www.fixcellshop.com\/wp-content\/uploads\/2024\/12\/logo-04-1-64x64.jpg 64w, https:\/\/www.fixcellshop.com\/wp-content\/uploads\/2024\/12\/logo-04-1-90x90.jpg 90w, https:\/\/www.fixcellshop.com\/wp-content\/uploads\/2024\/12\/logo-04-1-150x150.jpg 150w, https:\/\/www.fixcellshop.com\/wp-content\/uploads\/2024\/12\/logo-04-1-12x12.jpg 12w, https:\/\/www.fixcellshop.com\/wp-content\/uploads\/2024\/12\/logo-04-1-450x450.jpg 450w, https:\/\/www.fixcellshop.com\/wp-content\/uploads\/2024\/12\/logo-04-1-50x50.jpg 50w, https:\/\/www.fixcellshop.com\/wp-content\/uploads\/2024\/12\/logo-04-1-100x100.jpg 100w, https:\/\/www.fixcellshop.com\/wp-content\/uploads\/2024\/12\/logo-04-1-96x96.jpg 96w\" sizes=\"(max-width: 500px) 100vw, 500px\" \/>\t\t\t\t\t\t\t\t\t\t\t\t\t\t\t<\/div>\n\t\t\t\t<\/div>\n\t\t\t\t\t<\/div>\n\t\t<\/div>\n\t\t\t\t<div class=\"elementor-column elementor-col-25 elementor-top-column elementor-element elementor-element-24aa6ec\" data-id=\"24aa6ec\" data-element_type=\"column\">\n\t\t\t<div class=\"elementor-widget-wrap elementor-element-populated\">\n\t\t\t\t\t\t<div class=\"elementor-element elementor-element-f21c7a5 elementor-invisible elementor-widget elementor-widget-image\" data-id=\"f21c7a5\" data-element_type=\"widget\" data-settings=\"{&quot;_animation&quot;:&quot;fadeInLeft&quot;}\" data-widget_type=\"image.default\">\n\t\t\t\t<div class=\"elementor-widget-container\">\n\t\t\t\t\t\t\t\t\t\t\t\t\t\t\t<img decoding=\"async\" width=\"500\" height=\"500\" src=\"https:\/\/www.fixcellshop.com\/wp-content\/uploads\/2024\/12\/logo-02.jpg\" class=\"attachment-large size-large wp-image-3862\" alt=\"\" srcset=\"https:\/\/www.fixcellshop.com\/wp-content\/uploads\/2024\/12\/logo-02.jpg 500w, https:\/\/www.fixcellshop.com\/wp-content\/uploads\/2024\/12\/logo-02-300x300.jpg 300w, https:\/\/www.fixcellshop.com\/wp-content\/uploads\/2024\/12\/logo-02-64x64.jpg 64w, https:\/\/www.fixcellshop.com\/wp-content\/uploads\/2024\/12\/logo-02-90x90.jpg 90w, https:\/\/www.fixcellshop.com\/wp-content\/uploads\/2024\/12\/logo-02-150x150.jpg 150w, https:\/\/www.fixcellshop.com\/wp-content\/uploads\/2024\/12\/logo-02-12x12.jpg 12w, https:\/\/www.fixcellshop.com\/wp-content\/uploads\/2024\/12\/logo-02-450x450.jpg 450w, https:\/\/www.fixcellshop.com\/wp-content\/uploads\/2024\/12\/logo-02-50x50.jpg 50w, https:\/\/www.fixcellshop.com\/wp-content\/uploads\/2024\/12\/logo-02-100x100.jpg 100w, https:\/\/www.fixcellshop.com\/wp-content\/uploads\/2024\/12\/logo-02-96x96.jpg 96w\" sizes=\"(max-width: 500px) 100vw, 500px\" \/>\t\t\t\t\t\t\t\t\t\t\t\t\t\t\t<\/div>\n\t\t\t\t<\/div>\n\t\t\t\t\t<\/div>\n\t\t<\/div>\n\t\t\t\t<div class=\"elementor-column elementor-col-25 elementor-top-column elementor-element elementor-element-b8d916b\" data-id=\"b8d916b\" data-element_type=\"column\">\n\t\t\t<div class=\"elementor-widget-wrap elementor-element-populated\">\n\t\t\t\t\t\t<div class=\"elementor-element elementor-element-b3e1f7e elementor-invisible elementor-widget elementor-widget-image\" data-id=\"b3e1f7e\" data-element_type=\"widget\" data-settings=\"{&quot;_animation&quot;:&quot;fadeIn&quot;}\" data-widget_type=\"image.default\">\n\t\t\t\t<div class=\"elementor-widget-container\">\n\t\t\t\t\t\t\t\t\t\t\t\t\t\t\t<img loading=\"lazy\" decoding=\"async\" width=\"500\" height=\"500\" src=\"https:\/\/www.fixcellshop.com\/wp-content\/uploads\/2024\/12\/logo-03-1.jpg\" class=\"attachment-large size-large wp-image-3921\" alt=\"\" srcset=\"https:\/\/www.fixcellshop.com\/wp-content\/uploads\/2024\/12\/logo-03-1.jpg 500w, https:\/\/www.fixcellshop.com\/wp-content\/uploads\/2024\/12\/logo-03-1-300x300.jpg 300w, https:\/\/www.fixcellshop.com\/wp-content\/uploads\/2024\/12\/logo-03-1-64x64.jpg 64w, https:\/\/www.fixcellshop.com\/wp-content\/uploads\/2024\/12\/logo-03-1-90x90.jpg 90w, https:\/\/www.fixcellshop.com\/wp-content\/uploads\/2024\/12\/logo-03-1-150x150.jpg 150w, https:\/\/www.fixcellshop.com\/wp-content\/uploads\/2024\/12\/logo-03-1-12x12.jpg 12w, https:\/\/www.fixcellshop.com\/wp-content\/uploads\/2024\/12\/logo-03-1-450x450.jpg 450w, https:\/\/www.fixcellshop.com\/wp-content\/uploads\/2024\/12\/logo-03-1-50x50.jpg 50w, https:\/\/www.fixcellshop.com\/wp-content\/uploads\/2024\/12\/logo-03-1-100x100.jpg 100w, https:\/\/www.fixcellshop.com\/wp-content\/uploads\/2024\/12\/logo-03-1-96x96.jpg 96w\" sizes=\"(max-width: 500px) 100vw, 500px\" \/>\t\t\t\t\t\t\t\t\t\t\t\t\t\t\t<\/div>\n\t\t\t\t<\/div>\n\t\t\t\t\t<\/div>\n\t\t<\/div>\n\t\t\t\t<div class=\"elementor-column elementor-col-25 elementor-top-column elementor-element elementor-element-50f911e\" data-id=\"50f911e\" data-element_type=\"column\">\n\t\t\t<div class=\"elementor-widget-wrap elementor-element-populated\">\n\t\t\t\t\t\t<div class=\"elementor-element elementor-element-91cf22f elementor-invisible elementor-widget elementor-widget-image\" data-id=\"91cf22f\" data-element_type=\"widget\" data-settings=\"{&quot;_animation&quot;:&quot;fadeInRight&quot;}\" data-widget_type=\"image.default\">\n\t\t\t\t<div class=\"elementor-widget-container\">\n\t\t\t\t\t\t\t\t\t\t\t\t\t\t\t<img loading=\"lazy\" decoding=\"async\" width=\"500\" height=\"500\" src=\"https:\/\/www.fixcellshop.com\/wp-content\/uploads\/2024\/12\/logo-01-1.jpg\" class=\"attachment-large size-large wp-image-3919\" alt=\"\" srcset=\"https:\/\/www.fixcellshop.com\/wp-content\/uploads\/2024\/12\/logo-01-1.jpg 500w, https:\/\/www.fixcellshop.com\/wp-content\/uploads\/2024\/12\/logo-01-1-300x300.jpg 300w, https:\/\/www.fixcellshop.com\/wp-content\/uploads\/2024\/12\/logo-01-1-64x64.jpg 64w, https:\/\/www.fixcellshop.com\/wp-content\/uploads\/2024\/12\/logo-01-1-90x90.jpg 90w, https:\/\/www.fixcellshop.com\/wp-content\/uploads\/2024\/12\/logo-01-1-150x150.jpg 150w, https:\/\/www.fixcellshop.com\/wp-content\/uploads\/2024\/12\/logo-01-1-12x12.jpg 12w, https:\/\/www.fixcellshop.com\/wp-content\/uploads\/2024\/12\/logo-01-1-450x450.jpg 450w, https:\/\/www.fixcellshop.com\/wp-content\/uploads\/2024\/12\/logo-01-1-50x50.jpg 50w, https:\/\/www.fixcellshop.com\/wp-content\/uploads\/2024\/12\/logo-01-1-100x100.jpg 100w, https:\/\/www.fixcellshop.com\/wp-content\/uploads\/2024\/12\/logo-01-1-96x96.jpg 96w\" sizes=\"(max-width: 500px) 100vw, 500px\" \/>\t\t\t\t\t\t\t\t\t\t\t\t\t\t\t<\/div>\n\t\t\t\t<\/div>\n\t\t\t\t\t<\/div>\n\t\t<\/div>\n\t\t\t\t\t<\/div>\n\t\t<\/section>\n\t\t\t\t<\/div>","protected":false},"excerpt":{"rendered":"<p>\u00c0 PROPOS DE NOUS Depuis plus de 10 ans, FixCell se sp\u00e9cialise dans la r\u00e9paration de t\u00e9l\u00e9phones mobiles, consoles de jeux, ordinateurs et tablettes, offrant des<span class=\"excerpt-hellip\"> [\u2026]<\/span><\/p>","protected":false},"author":1,"featured_media":0,"parent":0,"menu_order":0,"comment_status":"closed","ping_status":"closed","template":"","meta":{"footnotes":""},"class_list":["post-1544","page","type-page","status-publish","hentry"],"_links":{"self":[{"href":"https:\/\/www.fixcellshop.com\/en\/wp-json\/wp\/v2\/pages\/1544","targetHints":{"allow":["GET"]}}],"collection":[{"href":"https:\/\/www.fixcellshop.com\/en\/wp-json\/wp\/v2\/pages"}],"about":[{"href":"https:\/\/www.fixcellshop.com\/en\/wp-json\/wp\/v2\/types\/page"}],"author":[{"embeddable":true,"href":"https:\/\/www.fixcellshop.com\/en\/wp-json\/wp\/v2\/users\/1"}],"replies":[{"embeddable":true,"href":"https:\/\/www.fixcellshop.com\/en\/wp-json\/wp\/v2\/comments?post=1544"}],"version-history":[{"count":75,"href":"https:\/\/www.fixcellshop.com\/en\/wp-json\/wp\/v2\/pages\/1544\/revisions"}],"predecessor-version":[{"id":4147,"href":"https:\/\/www.fixcellshop.com\/en\/wp-json\/wp\/v2\/pages\/1544\/revisions\/4147"}],"wp:attachment":[{"href":"https:\/\/www.fixcellshop.com\/en\/wp-json\/wp\/v2\/media?parent=1544"}],"curies":[{"name":"wp","href":"https:\/\/api.w.org\/{rel}","templated":true}]}}